{"id":14,"date":"2024-10-16T14:42:23","date_gmt":"2024-10-16T14:42:23","guid":{"rendered":"https:\/\/openshops.rkinformatika.online\/?page_id=14"},"modified":"2025-02-25T08:38:00","modified_gmt":"2025-02-25T08:38:00","slug":"servicios","status":"publish","type":"page","link":"https:\/\/peluqueriamichaelacorens.com\/eu\/servicios\/","title":{"rendered":"ZERBITZUAK"},"content":{"rendered":"<div data-elementor-type=\"wp-page\" data-elementor-id=\"14\" class=\"elementor elementor-14\" data-elementor-post-type=\"page\">\n\t\t\t\t<div class=\"elementor-element elementor-element-332f95a e-flex e-con-boxed e-con e-parent\" data-id=\"332f95a\" data-element_type=\"container\" data-e-type=\"container\" data-settings=\"{&quot;background_background&quot;:&quot;classic&quot;}\">\n\t\t\t\t\t<div class=\"e-con-inner\">\n\t\t<div class=\"elementor-element elementor-element-9bc7600 e-con-full e-flex e-con e-child\" data-id=\"9bc7600\" data-element_type=\"container\" data-e-type=\"container\">\n\t\t\t\t<div class=\"elementor-element elementor-element-1927d46 elementor-invisible elementor-widget elementor-widget-heading\" data-id=\"1927d46\" data-element_type=\"widget\" data-e-type=\"widget\" data-settings=\"{&quot;_animation&quot;:&quot;zoomIn&quot;}\" data-widget_type=\"heading.default\">\n\t\t\t\t<div class=\"elementor-widget-container\">\n\t\t\t\t\t<h1 class=\"elementor-heading-title elementor-size-default\">\nTu belleza, nuestra pasi\u00f3n.<\/h1>\t\t\t\t<\/div>\n\t\t\t\t<\/div>\n\t\t\t\t<\/div>\n\t\t\t\t\t<\/div>\n\t\t\t\t<\/div>\n\t\t<div class=\"elementor-element elementor-element-6209a8d5 e-con-full e-flex e-con e-parent\" data-id=\"6209a8d5\" data-element_type=\"container\" data-e-type=\"container\" data-settings=\"{&quot;background_background&quot;:&quot;classic&quot;}\">\n\t\t<div class=\"elementor-element elementor-element-3c64ac2f e-flex e-con-boxed e-con e-child\" data-id=\"3c64ac2f\" data-element_type=\"container\" data-e-type=\"container\">\n\t\t\t\t\t<div class=\"e-con-inner\">\n\t\t\t\t<div class=\"elementor-element elementor-element-4afc8152 elementor-invisible elementor-widget elementor-widget-heading\" data-id=\"4afc8152\" data-element_type=\"widget\" data-e-type=\"widget\" data-settings=\"{&quot;_animation&quot;:&quot;zoomIn&quot;}\" data-widget_type=\"heading.default\">\n\t\t\t\t<div class=\"elementor-widget-container\">\n\t\t\t\t\t<p class=\"elementor-heading-title elementor-size-default\">Nuestros servicios<\/p>\t\t\t\t<\/div>\n\t\t\t\t<\/div>\n\t\t\t\t<div class=\"elementor-element elementor-element-14ea4f03 elementor-widget__width-initial elementor-invisible elementor-widget elementor-widget-heading\" data-id=\"14ea4f03\" data-element_type=\"widget\" data-e-type=\"widget\" data-settings=\"{&quot;_animation&quot;:&quot;fadeInUp&quot;}\" data-widget_type=\"heading.default\">\n\t\t\t\t<div class=\"elementor-widget-container\">\n\t\t\t\t\t<h2 class=\"elementor-heading-title elementor-size-default\">\u00a1Renueva tu look hoy mismo en un ambiente acogedor y profesional!<\/h2>\t\t\t\t<\/div>\n\t\t\t\t<\/div>\n\t\t\t\t\t<\/div>\n\t\t\t\t<\/div>\n\t\t\t\t<\/div>\n\t\t<div class=\"elementor-element elementor-element-c02a216 e-flex e-con-boxed e-con e-parent\" data-id=\"c02a216\" data-element_type=\"container\" data-e-type=\"container\">\n\t\t\t\t\t<div class=\"e-con-inner\">\n\t\t<div class=\"elementor-element elementor-element-68c0092 e-con-full e-flex e-con e-child\" data-id=\"68c0092\" data-element_type=\"container\" data-e-type=\"container\" data-settings=\"{&quot;background_background&quot;:&quot;classic&quot;}\">\n\t\t\t\t<div class=\"elementor-element elementor-element-eee6284 elementor-widget elementor-widget-heading\" data-id=\"eee6284\" data-element_type=\"widget\" data-e-type=\"widget\" data-widget_type=\"heading.default\">\n\t\t\t\t<div class=\"elementor-widget-container\">\n\t\t\t\t\t<h2 class=\"elementor-heading-title elementor-size-default\">Corte y peinado<\/h2>\t\t\t\t<\/div>\n\t\t\t\t<\/div>\n\t\t\t\t<div class=\"elementor-element elementor-element-a4df219 elementor-widget elementor-widget-text-editor\" data-id=\"a4df219\" data-element_type=\"widget\" data-e-type=\"widget\" data-widget_type=\"text-editor.default\">\n\t\t\t\t<div class=\"elementor-widget-container\">\n\t\t\t\t\t\t\t\t\t<p data-start=\"100\" data-end=\"259\">Servicios de corte de cabello para hombre y mujer, adaptados a las \u00faltimas tendencias y estilos personalizados, con asesoramiento experto.<\/p>\t\t\t\t\t\t\t\t<\/div>\n\t\t\t\t<\/div>\n\t\t\t\t<\/div>\n\t\t<div class=\"elementor-element elementor-element-97cb6c4 e-con-full e-flex e-con e-child\" data-id=\"97cb6c4\" data-element_type=\"container\" data-e-type=\"container\" data-settings=\"{&quot;background_background&quot;:&quot;classic&quot;}\">\n\t\t\t\t<div class=\"elementor-element elementor-element-a3d6bed elementor-widget elementor-widget-heading\" data-id=\"a3d6bed\" data-element_type=\"widget\" data-e-type=\"widget\" data-widget_type=\"heading.default\">\n\t\t\t\t<div class=\"elementor-widget-container\">\n\t\t\t\t\t<h2 class=\"elementor-heading-title elementor-size-default\">Coloraci\u00f3n y mechas<\/h2>\t\t\t\t<\/div>\n\t\t\t\t<\/div>\n\t\t\t\t<div class=\"elementor-element elementor-element-4d1e0ef elementor-widget elementor-widget-text-editor\" data-id=\"4d1e0ef\" data-element_type=\"widget\" data-e-type=\"widget\" data-widget_type=\"text-editor.default\">\n\t\t\t\t<div class=\"elementor-widget-container\">\n\t\t\t\t\t\t\t\t\t<p data-start=\"264\" data-end=\"428\">Aplicaci\u00f3n de tintes, mechas y balayage para lograr resultados vibrantes y naturales, adem\u00e1s de tratamientos que protegen la salud capilar.<\/p>\t\t\t\t\t\t\t\t<\/div>\n\t\t\t\t<\/div>\n\t\t\t\t<\/div>\n\t\t<div class=\"elementor-element elementor-element-e2f88e8 e-con-full e-flex e-con e-child\" data-id=\"e2f88e8\" data-element_type=\"container\" data-e-type=\"container\" data-settings=\"{&quot;background_background&quot;:&quot;classic&quot;}\">\n\t\t\t\t<div class=\"elementor-element elementor-element-cc95938 elementor-widget elementor-widget-heading\" data-id=\"cc95938\" data-element_type=\"widget\" data-e-type=\"widget\" data-widget_type=\"heading.default\">\n\t\t\t\t<div class=\"elementor-widget-container\">\n\t\t\t\t\t<h2 class=\"elementor-heading-title elementor-size-default\">Tratamientos capilares<\/h2>\t\t\t\t<\/div>\n\t\t\t\t<\/div>\n\t\t\t\t<div class=\"elementor-element elementor-element-81cc735 elementor-widget elementor-widget-text-editor\" data-id=\"81cc735\" data-element_type=\"widget\" data-e-type=\"widget\" data-widget_type=\"text-editor.default\">\n\t\t\t\t<div class=\"elementor-widget-container\">\n\t\t\t\t\t\t\t\t\t<p data-start=\"433\" data-end=\"604\">Servicios especializados como mascarillas, tratamientos hidratantes, reparadores o de nutrici\u00f3n para restaurar y revitalizar el cabello da\u00f1ado.<\/p>\t\t\t\t\t\t\t\t<\/div>\n\t\t\t\t<\/div>\n\t\t\t\t<\/div>\n\t\t\t\t\t<\/div>\n\t\t\t\t<\/div>\n\t\t<div class=\"elementor-element elementor-element-814c701 e-flex e-con-boxed e-con e-parent\" data-id=\"814c701\" data-element_type=\"container\" data-e-type=\"container\">\n\t\t\t\t\t<div class=\"e-con-inner\">\n\t\t<div class=\"elementor-element elementor-element-eeca7d7 e-con-full e-flex e-con e-child\" data-id=\"eeca7d7\" data-element_type=\"container\" data-e-type=\"container\" data-settings=\"{&quot;background_background&quot;:&quot;classic&quot;}\">\n\t\t\t\t<div class=\"elementor-element elementor-element-1064a2f elementor-widget elementor-widget-heading\" data-id=\"1064a2f\" data-element_type=\"widget\" data-e-type=\"widget\" data-widget_type=\"heading.default\">\n\t\t\t\t<div class=\"elementor-widget-container\">\n\t\t\t\t\t<h2 class=\"elementor-heading-title elementor-size-default\">Manicura y pedicura<\/h2>\t\t\t\t<\/div>\n\t\t\t\t<\/div>\n\t\t\t\t<div class=\"elementor-element elementor-element-8ae986e elementor-widget elementor-widget-text-editor\" data-id=\"8ae986e\" data-element_type=\"widget\" data-e-type=\"widget\" data-widget_type=\"text-editor.default\">\n\t\t\t\t<div class=\"elementor-widget-container\">\n\t\t\t\t\t\t\t\t\t<p data-start=\"609\" data-end=\"768\">Cuidado de manos y pies, incluyendo esmaltado, tratamientos hidratantes, limado de u\u00f1as, y dise\u00f1o de u\u00f1as con t\u00e9cnicas de \u00faltima moda.<\/p>\t\t\t\t\t\t\t\t<\/div>\n\t\t\t\t<\/div>\n\t\t\t\t<\/div>\n\t\t<div class=\"elementor-element elementor-element-0ba1fb2 e-con-full e-flex e-con e-child\" data-id=\"0ba1fb2\" data-element_type=\"container\" data-e-type=\"container\" data-settings=\"{&quot;background_background&quot;:&quot;classic&quot;}\">\n\t\t\t\t<div class=\"elementor-element elementor-element-36602d6 elementor-widget elementor-widget-heading\" data-id=\"36602d6\" data-element_type=\"widget\" data-e-type=\"widget\" data-widget_type=\"heading.default\">\n\t\t\t\t<div class=\"elementor-widget-container\">\n\t\t\t\t\t<h2 class=\"elementor-heading-title elementor-size-default\">Depilaci\u00f3n<\/h2>\t\t\t\t<\/div>\n\t\t\t\t<\/div>\n\t\t\t\t<div class=\"elementor-element elementor-element-bc83270 elementor-widget elementor-widget-text-editor\" data-id=\"bc83270\" data-element_type=\"widget\" data-e-type=\"widget\" data-widget_type=\"text-editor.default\">\n\t\t\t\t<div class=\"elementor-widget-container\">\n\t\t\t\t\t\t\t\t\t<p data-start=\"773\" data-end=\"911\">Servicios de depilaci\u00f3n con cera o hilo para una piel suave y libre de vello, adaptados a las necesidades de cada cliente.<\/p>\t\t\t\t\t\t\t\t<\/div>\n\t\t\t\t<\/div>\n\t\t\t\t<\/div>\n\t\t<div class=\"elementor-element elementor-element-f97718e e-con-full e-flex e-con e-child\" data-id=\"f97718e\" data-element_type=\"container\" data-e-type=\"container\" data-settings=\"{&quot;background_background&quot;:&quot;classic&quot;}\">\n\t\t\t\t<div class=\"elementor-element elementor-element-5ff80e3 elementor-widget elementor-widget-heading\" data-id=\"5ff80e3\" data-element_type=\"widget\" data-e-type=\"widget\" data-widget_type=\"heading.default\">\n\t\t\t\t<div class=\"elementor-widget-container\">\n\t\t\t\t\t<h2 class=\"elementor-heading-title elementor-size-default\">Maquillaje profesional<\/h2>\t\t\t\t<\/div>\n\t\t\t\t<\/div>\n\t\t\t\t<div class=\"elementor-element elementor-element-89bfa05 elementor-widget elementor-widget-text-editor\" data-id=\"89bfa05\" data-element_type=\"widget\" data-e-type=\"widget\" data-widget_type=\"text-editor.default\">\n\t\t\t\t<div class=\"elementor-widget-container\">\n\t\t\t\t\t\t\t\t\t<p>Maquillaje para eventos especiales, bodas o sesiones fotogr\u00e1ficas, realizado por profesionales para garantizar un acabado impecable y duradero.<\/p>\t\t\t\t\t\t\t\t<\/div>\n\t\t\t\t<\/div>\n\t\t\t\t<\/div>\n\t\t\t\t\t<\/div>\n\t\t\t\t<\/div>\n\t\t<div class=\"elementor-element elementor-element-ee02ffd e-flex e-con-boxed e-con e-parent\" data-id=\"ee02ffd\" data-element_type=\"container\" data-e-type=\"container\" data-settings=\"{&quot;background_background&quot;:&quot;classic&quot;}\">\n\t\t\t\t\t<div class=\"e-con-inner\">\n\t\t\t\t<div class=\"elementor-element elementor-element-36f9407 elementor-widget elementor-widget-heading\" data-id=\"36f9407\" data-element_type=\"widget\" data-e-type=\"widget\" data-widget_type=\"heading.default\">\n\t\t\t\t<div class=\"elementor-widget-container\">\n\t\t\t\t\t<h2 class=\"elementor-heading-title elementor-size-default\">La calidad y el cuidado que mereces, \u00a1aqu\u00ed te esperamos!<\/h2>\t\t\t\t<\/div>\n\t\t\t\t<\/div>\n\t\t\t\t\t<\/div>\n\t\t\t\t<\/div>\n\t\t<div class=\"elementor-element elementor-element-ab8c320 e-flex e-con-boxed e-con e-parent\" data-id=\"ab8c320\" data-element_type=\"container\" data-e-type=\"container\" data-settings=\"{&quot;background_background&quot;:&quot;classic&quot;}\">\n\t\t\t\t\t<div class=\"e-con-inner\">\n\t\t\t\t<div class=\"elementor-element elementor-element-ff097c4 elementor-align-center elementor-widget elementor-widget-button\" data-id=\"ff097c4\" data-element_type=\"widget\" data-e-type=\"widget\" data-widget_type=\"button.default\">\n\t\t\t\t<div class=\"elementor-widget-container\">\n\t\t\t\t\t\t\t\t\t<div class=\"elementor-button-wrapper\">\n\t\t\t\t\t<a class=\"elementor-button elementor-button-link elementor-size-sm\" href=\"https:\/\/peluqueriamichaelacorens.com\/eu\/contacto\/\">\n\t\t\t\t\t\t<span class=\"elementor-button-content-wrapper\">\n\t\t\t\t\t\t\t\t\t<span class=\"elementor-button-text\">KONTAKTUA<\/span>\n\t\t\t\t\t<\/span>\n\t\t\t\t\t<\/a>\n\t\t\t\t<\/div>\n\t\t\t\t\t\t\t\t<\/div>\n\t\t\t\t<\/div>\n\t\t\t\t\t<\/div>\n\t\t\t\t<\/div>\n\t\t\t\t<\/div>","protected":false},"excerpt":{"rendered":"<p>Tu belleza, nuestra pasi\u00f3n. Nuestros servicios \u00a1Renueva tu look hoy mismo en un ambiente acogedor y profesional! Corte y peinado Servicios de corte de cabello para hombre y mujer, adaptados a las \u00faltimas tendencias y estilos personalizados, con asesoramiento experto. Coloraci\u00f3n y mechas Aplicaci\u00f3n de tintes, mechas y balayage para lograr resultados vibrantes y naturales, [&hellip;]<\/p>\n","protected":false},"author":4,"featured_media":0,"parent":0,"menu_order":0,"comment_status":"closed","ping_status":"closed","template":"elementor_canvas","meta":{"footnotes":""},"class_list":["post-14","page","type-page","status-publish","hentry"],"yoast_head":"<!-- This site is optimized with the Yoast SEO plugin v27.3 - https:\/\/yoast.com\/product\/yoast-seo-wordpress\/ -->\n<title>Servicios - Peluquer\u00eda Michaela Corens<\/title>\n<meta name=\"robots\" content=\"index, follow, max-snippet:-1, max-image-preview:large, max-video-preview:-1\" \/>\n<link rel=\"canonical\" href=\"https:\/\/peluqueriamichaelacorens.com\/eu\/servicios\/\" \/>\n<meta property=\"og:locale\" content=\"en_US\" \/>\n<meta property=\"og:type\" content=\"article\" \/>\n<meta property=\"og:title\" content=\"Servicios - Peluquer\u00eda Michaela Corens\" \/>\n<meta property=\"og:description\" content=\"Tu belleza, nuestra pasi\u00f3n. Nuestros servicios \u00a1Renueva tu look hoy mismo en un ambiente acogedor y profesional! Corte y peinado Servicios de corte de cabello para hombre y mujer, adaptados a las \u00faltimas tendencias y estilos personalizados, con asesoramiento experto. Coloraci\u00f3n y mechas Aplicaci\u00f3n de tintes, mechas y balayage para lograr resultados vibrantes y naturales, [&hellip;]\" \/>\n<meta property=\"og:url\" content=\"https:\/\/peluqueriamichaelacorens.com\/eu\/servicios\/\" \/>\n<meta property=\"og:site_name\" content=\"Peluquer\u00eda Michaela Corens\" \/>\n<meta property=\"article:modified_time\" content=\"2025-02-25T08:38:00+00:00\" \/>\n<meta name=\"twitter:card\" content=\"summary_large_image\" \/>\n<meta name=\"twitter:label1\" content=\"Est. reading time\" \/>\n\t<meta name=\"twitter:data1\" content=\"1 minutua\" \/>\n<script type=\"application\/ld+json\" class=\"yoast-schema-graph\">{\"@context\":\"https:\\\/\\\/schema.org\",\"@graph\":[{\"@type\":\"WebPage\",\"@id\":\"https:\\\/\\\/peluqueriamichaelacorens.com\\\/servicios\\\/\",\"url\":\"https:\\\/\\\/peluqueriamichaelacorens.com\\\/servicios\\\/\",\"name\":\"Servicios - Peluquer\u00eda Michaela Corens\",\"isPartOf\":{\"@id\":\"https:\\\/\\\/peluqueriamichaelacorens.com\\\/#website\"},\"datePublished\":\"2024-10-16T14:42:23+00:00\",\"dateModified\":\"2025-02-25T08:38:00+00:00\",\"breadcrumb\":{\"@id\":\"https:\\\/\\\/peluqueriamichaelacorens.com\\\/servicios\\\/#breadcrumb\"},\"inLanguage\":\"eu\",\"potentialAction\":[{\"@type\":\"ReadAction\",\"target\":[\"https:\\\/\\\/peluqueriamichaelacorens.com\\\/servicios\\\/\"]}]},{\"@type\":\"BreadcrumbList\",\"@id\":\"https:\\\/\\\/peluqueriamichaelacorens.com\\\/servicios\\\/#breadcrumb\",\"itemListElement\":[{\"@type\":\"ListItem\",\"position\":1,\"name\":\"Portada\",\"item\":\"https:\\\/\\\/peluqueriamichaelacorens.com\\\/\"},{\"@type\":\"ListItem\",\"position\":2,\"name\":\"Servicios\"}]},{\"@type\":\"WebSite\",\"@id\":\"https:\\\/\\\/peluqueriamichaelacorens.com\\\/#website\",\"url\":\"https:\\\/\\\/peluqueriamichaelacorens.com\\\/\",\"name\":\"Peluquer\u00eda Michaela Corens\",\"description\":\"Somos peluquer\u00eda y est\u00e9tica\",\"publisher\":{\"@id\":\"https:\\\/\\\/peluqueriamichaelacorens.com\\\/#organization\"},\"potentialAction\":[{\"@type\":\"SearchAction\",\"target\":{\"@type\":\"EntryPoint\",\"urlTemplate\":\"https:\\\/\\\/peluqueriamichaelacorens.com\\\/?s={search_term_string}\"},\"query-input\":{\"@type\":\"PropertyValueSpecification\",\"valueRequired\":true,\"valueName\":\"search_term_string\"}}],\"inLanguage\":\"eu\"},{\"@type\":\"Organization\",\"@id\":\"https:\\\/\\\/peluqueriamichaelacorens.com\\\/#organization\",\"name\":\"Peluquer\u00eda Michaela Corens\",\"url\":\"https:\\\/\\\/peluqueriamichaelacorens.com\\\/\",\"logo\":{\"@type\":\"ImageObject\",\"inLanguage\":\"eu\",\"@id\":\"https:\\\/\\\/peluqueriamichaelacorens.com\\\/#\\\/schema\\\/logo\\\/image\\\/\",\"url\":\"https:\\\/\\\/peluqueriamichaelacorens.com\\\/wp-content\\\/uploads\\\/2025\\\/02\\\/cropped-michaela-corens.png\",\"contentUrl\":\"https:\\\/\\\/peluqueriamichaelacorens.com\\\/wp-content\\\/uploads\\\/2025\\\/02\\\/cropped-michaela-corens.png\",\"width\":445,\"height\":447,\"caption\":\"Peluquer\u00eda Michaela Corens\"},\"image\":{\"@id\":\"https:\\\/\\\/peluqueriamichaelacorens.com\\\/#\\\/schema\\\/logo\\\/image\\\/\"}}]}<\/script>\n<!-- \/ Yoast SEO plugin. -->","yoast_head_json":{"title":"Servicios - Peluquer\u00eda Michaela Corens","robots":{"index":"index","follow":"follow","max-snippet":"max-snippet:-1","max-image-preview":"max-image-preview:large","max-video-preview":"max-video-preview:-1"},"canonical":"https:\/\/peluqueriamichaelacorens.com\/eu\/servicios\/","og_locale":"en_US","og_type":"article","og_title":"Servicios - Peluquer\u00eda Michaela Corens","og_description":"Tu belleza, nuestra pasi\u00f3n. Nuestros servicios \u00a1Renueva tu look hoy mismo en un ambiente acogedor y profesional! Corte y peinado Servicios de corte de cabello para hombre y mujer, adaptados a las \u00faltimas tendencias y estilos personalizados, con asesoramiento experto. Coloraci\u00f3n y mechas Aplicaci\u00f3n de tintes, mechas y balayage para lograr resultados vibrantes y naturales, [&hellip;]","og_url":"https:\/\/peluqueriamichaelacorens.com\/eu\/servicios\/","og_site_name":"Peluquer\u00eda Michaela Corens","article_modified_time":"2025-02-25T08:38:00+00:00","twitter_card":"summary_large_image","twitter_misc":{"Est. reading time":"1 minutua"},"schema":{"@context":"https:\/\/schema.org","@graph":[{"@type":"WebPage","@id":"https:\/\/peluqueriamichaelacorens.com\/servicios\/","url":"https:\/\/peluqueriamichaelacorens.com\/servicios\/","name":"Servicios - Peluquer\u00eda Michaela Corens","isPartOf":{"@id":"https:\/\/peluqueriamichaelacorens.com\/#website"},"datePublished":"2024-10-16T14:42:23+00:00","dateModified":"2025-02-25T08:38:00+00:00","breadcrumb":{"@id":"https:\/\/peluqueriamichaelacorens.com\/servicios\/#breadcrumb"},"inLanguage":"eu","potentialAction":[{"@type":"ReadAction","target":["https:\/\/peluqueriamichaelacorens.com\/servicios\/"]}]},{"@type":"BreadcrumbList","@id":"https:\/\/peluqueriamichaelacorens.com\/servicios\/#breadcrumb","itemListElement":[{"@type":"ListItem","position":1,"name":"Portada","item":"https:\/\/peluqueriamichaelacorens.com\/"},{"@type":"ListItem","position":2,"name":"Servicios"}]},{"@type":"WebSite","@id":"https:\/\/peluqueriamichaelacorens.com\/#website","url":"https:\/\/peluqueriamichaelacorens.com\/","name":"Michaela Corens ile-apaindegia","description":"Somos peluquer\u00eda y est\u00e9tica","publisher":{"@id":"https:\/\/peluqueriamichaelacorens.com\/#organization"},"potentialAction":[{"@type":"SearchAction","target":{"@type":"EntryPoint","urlTemplate":"https:\/\/peluqueriamichaelacorens.com\/?s={search_term_string}"},"query-input":{"@type":"PropertyValueSpecification","valueRequired":true,"valueName":"search_term_string"}}],"inLanguage":"eu"},{"@type":"Organization","@id":"https:\/\/peluqueriamichaelacorens.com\/#organization","name":"Michaela Corens ile-apaindegia","url":"https:\/\/peluqueriamichaelacorens.com\/","logo":{"@type":"ImageObject","inLanguage":"eu","@id":"https:\/\/peluqueriamichaelacorens.com\/#\/schema\/logo\/image\/","url":"https:\/\/peluqueriamichaelacorens.com\/wp-content\/uploads\/2025\/02\/cropped-michaela-corens.png","contentUrl":"https:\/\/peluqueriamichaelacorens.com\/wp-content\/uploads\/2025\/02\/cropped-michaela-corens.png","width":445,"height":447,"caption":"Peluquer\u00eda Michaela Corens"},"image":{"@id":"https:\/\/peluqueriamichaelacorens.com\/#\/schema\/logo\/image\/"}}]}},"_links":{"self":[{"href":"https:\/\/peluqueriamichaelacorens.com\/eu\/wp-json\/wp\/v2\/pages\/14","targetHints":{"allow":["GET"]}}],"collection":[{"href":"https:\/\/peluqueriamichaelacorens.com\/eu\/wp-json\/wp\/v2\/pages"}],"about":[{"href":"https:\/\/peluqueriamichaelacorens.com\/eu\/wp-json\/wp\/v2\/types\/page"}],"author":[{"embeddable":true,"href":"https:\/\/peluqueriamichaelacorens.com\/eu\/wp-json\/wp\/v2\/users\/4"}],"replies":[{"embeddable":true,"href":"https:\/\/peluqueriamichaelacorens.com\/eu\/wp-json\/wp\/v2\/comments?post=14"}],"version-history":[{"count":657,"href":"https:\/\/peluqueriamichaelacorens.com\/eu\/wp-json\/wp\/v2\/pages\/14\/revisions"}],"predecessor-version":[{"id":2341,"href":"https:\/\/peluqueriamichaelacorens.com\/eu\/wp-json\/wp\/v2\/pages\/14\/revisions\/2341"}],"wp:attachment":[{"href":"https:\/\/peluqueriamichaelacorens.com\/eu\/wp-json\/wp\/v2\/media?parent=14"}],"curies":[{"name":"wp","href":"https:\/\/api.w.org\/{rel}","templated":true}]}}