{"id":941,"date":"2024-10-17T15:49:26","date_gmt":"2024-10-17T15:49:26","guid":{"rendered":"https:\/\/openshops.rkinformatika.online\/?page_id=941"},"modified":"2025-02-24T15:39:31","modified_gmt":"2025-02-24T15:39:31","slug":"inicio","status":"publish","type":"page","link":"https:\/\/peluqueriamichaelacorens.com\/eu\/","title":{"rendered":"HASIERA"},"content":{"rendered":"<div data-elementor-type=\"wp-page\" data-elementor-id=\"941\" class=\"elementor elementor-941\" data-elementor-post-type=\"page\">\n\t\t\t\t\t\t<section class=\"elementor-section elementor-top-section elementor-element elementor-element-2ceda46f elementor-section-height-min-height elementor-section-boxed elementor-section-height-default elementor-section-items-middle\" data-id=\"2ceda46f\" data-element_type=\"section\" data-e-type=\"section\" data-settings=\"{&quot;background_background&quot;:&quot;classic&quot;}\">\n\t\t\t\t\t\t\t<div class=\"elementor-background-overlay\"><\/div>\n\t\t\t\t\t\t\t<div class=\"elementor-container elementor-column-gap-no\">\n\t\t\t\t\t<div class=\"elementor-column elementor-col-100 elementor-top-column elementor-element elementor-element-21c58e5c\" data-id=\"21c58e5c\" data-element_type=\"column\" data-e-type=\"column\">\n\t\t\t<div class=\"elementor-widget-wrap elementor-element-populated\">\n\t\t\t\t\t\t<div class=\"elementor-element elementor-element-42f39f1c elementor-widget-tablet__width-initial elementor-invisible elementor-widget elementor-widget-heading\" data-id=\"42f39f1c\" data-element_type=\"widget\" data-e-type=\"widget\" data-settings=\"{&quot;_animation&quot;:&quot;zoomIn&quot;}\" data-widget_type=\"heading.default\">\n\t\t\t\t<div class=\"elementor-widget-container\">\n\t\t\t\t\t<h2 class=\"elementor-heading-title elementor-size-default\">Ongi etorri<br><br>Michaela Corens ile-apaindegia<\/h2>\t\t\t\t<\/div>\n\t\t\t\t<\/div>\n\t\t\t\t<section class=\"elementor-section elementor-inner-section elementor-element elementor-element-5200ffaf elementor-section-boxed elementor-section-height-default elementor-section-height-default\" data-id=\"5200ffaf\" data-element_type=\"section\" data-e-type=\"section\">\n\t\t\t\t\t\t<div class=\"elementor-container elementor-column-gap-no\">\n\t\t\t\t\t<div class=\"elementor-column elementor-col-100 elementor-inner-column elementor-element elementor-element-c65b071\" data-id=\"c65b071\" data-element_type=\"column\" data-e-type=\"column\">\n\t\t\t<div class=\"elementor-widget-wrap\">\n\t\t\t\t\t\t\t<\/div>\n\t\t<\/div>\n\t\t\t\t\t<\/div>\n\t\t<\/section>\n\t\t\t\t\t<\/div>\n\t\t<\/div>\n\t\t\t\t\t<\/div>\n\t\t<\/section>\n\t\t\t\t<section class=\"elementor-section elementor-top-section elementor-element elementor-element-4c97510d elementor-section-content-middle elementor-section-boxed elementor-section-height-default elementor-section-height-default\" data-id=\"4c97510d\" data-element_type=\"section\" data-e-type=\"section\" data-settings=\"{&quot;background_background&quot;:&quot;classic&quot;}\">\n\t\t\t\t\t\t<div class=\"elementor-container elementor-column-gap-no\">\n\t\t\t\t\t<div class=\"elementor-column elementor-col-50 elementor-top-column elementor-element elementor-element-429b18ab elementor-invisible\" data-id=\"429b18ab\" data-element_type=\"column\" data-e-type=\"column\" data-settings=\"{&quot;animation&quot;:&quot;fadeInLeft&quot;,&quot;animation_delay&quot;:300}\">\n\t\t\t<div class=\"elementor-widget-wrap elementor-element-populated\">\n\t\t\t\t\t\t<div class=\"elementor-element elementor-element-15c43cc1 elementor-widget elementor-widget-image\" data-id=\"15c43cc1\" data-element_type=\"widget\" data-e-type=\"widget\" data-widget_type=\"image.default\">\n\t\t\t\t<div class=\"elementor-widget-container\">\n\t\t\t\t\t\t\t\t\t\t\t\t\t\t\t<img fetchpriority=\"high\" decoding=\"async\" width=\"300\" height=\"200\" src=\"https:\/\/peluqueriamichaelacorens.com\/wp-content\/uploads\/2025\/02\/12148-300x200.jpg\" class=\"attachment-medium size-medium wp-image-2193\" alt=\"\" srcset=\"https:\/\/peluqueriamichaelacorens.com\/wp-content\/uploads\/2025\/02\/12148-300x200.jpg 300w, https:\/\/peluqueriamichaelacorens.com\/wp-content\/uploads\/2025\/02\/12148-1024x683.jpg 1024w, https:\/\/peluqueriamichaelacorens.com\/wp-content\/uploads\/2025\/02\/12148-768x512.jpg 768w, https:\/\/peluqueriamichaelacorens.com\/wp-content\/uploads\/2025\/02\/12148-18x12.jpg 18w, https:\/\/peluqueriamichaelacorens.com\/wp-content\/uploads\/2025\/02\/12148.jpg 1500w\" sizes=\"(max-width: 300px) 100vw, 300px\" \/>\t\t\t\t\t\t\t\t\t\t\t\t\t\t\t<\/div>\n\t\t\t\t<\/div>\n\t\t\t\t\t<\/div>\n\t\t<\/div>\n\t\t\t\t<div class=\"elementor-column elementor-col-50 elementor-top-column elementor-element elementor-element-37bb1425\" data-id=\"37bb1425\" data-element_type=\"column\" data-e-type=\"column\">\n\t\t\t<div class=\"elementor-widget-wrap elementor-element-populated\">\n\t\t\t\t\t\t<section class=\"elementor-section elementor-inner-section elementor-element elementor-element-6b04b859 elementor-section-boxed elementor-section-height-default elementor-section-height-default\" data-id=\"6b04b859\" data-element_type=\"section\" data-e-type=\"section\" data-settings=\"{&quot;background_background&quot;:&quot;classic&quot;}\">\n\t\t\t\t\t\t\t<div class=\"elementor-background-overlay\"><\/div>\n\t\t\t\t\t\t\t<div class=\"elementor-container elementor-column-gap-no\">\n\t\t\t\t\t<div class=\"elementor-column elementor-col-100 elementor-inner-column elementor-element elementor-element-505014f4 elementor-invisible\" data-id=\"505014f4\" data-element_type=\"column\" data-e-type=\"column\" data-settings=\"{&quot;background_background&quot;:&quot;classic&quot;,&quot;animation&quot;:&quot;fadeInRight&quot;}\">\n\t\t\t<div class=\"elementor-widget-wrap elementor-element-populated\">\n\t\t\t\t\t\t<div class=\"elementor-element elementor-element-5a255791 elementor-widget elementor-widget-heading\" data-id=\"5a255791\" data-element_type=\"widget\" data-e-type=\"widget\" data-widget_type=\"heading.default\">\n\t\t\t\t<div class=\"elementor-widget-container\">\n\t\t\t\t\t<h2 class=\"elementor-heading-title elementor-size-default\">Ezagutu gaitzazu<\/h2>\t\t\t\t<\/div>\n\t\t\t\t<\/div>\n\t\t\t\t<div class=\"elementor-element elementor-element-40bf7b26 elementor-widget elementor-widget-text-editor\" data-id=\"40bf7b26\" data-element_type=\"widget\" data-e-type=\"widget\" data-widget_type=\"text-editor.default\">\n\t\t\t\t<div class=\"elementor-widget-container\">\n\t\t\t\t\t\t\t\t\t<p data-start=\"0\" data-end=\"310\">Michaela Corens ile-apaindegian hiru ile-apaintzaile adituk eta estetizista batek osatutako talde bat dugu, guztiak zuri zerbitzurik onena eskaintzeko konpromisoa dutenak. Guretzat, garrantzitsuena gure bezeroak dira; horregatik, gu aukeratzean, aholkularitza pertsonalizatua eta maitasunez betetako tratua bermatzen dizugu.<\/p><p data-start=\"312\" data-end=\"790\" data-is-last-node=\"\">Sakonki kezkatzen gara zure ilearen osasunaz, eta horregatik lan egiten dugu Uraren Sekretuekin, zure adatsa barrutik eta kanpotik zaintzen duen linea batekin. Bere osagai naturalei esker, hala nola landareei eta urari esker, Uraren Sekretuek kolore dardarkari eta iraunkorrak eskaintzeaz gain, zure ongizatea ere zaintzen du, zure ilearen osasuna babestuz eta zure ile distiratsua eta osasungarria utziz. Konfiantza izan guregan zaintza integral eta estilo paregabe baterako!<\/p>\t\t\t\t\t\t\t\t<\/div>\n\t\t\t\t<\/div>\n\t\t\t\t<div class=\"elementor-element elementor-element-4952c455 elementor-align-center elementor-widget elementor-widget-button\" data-id=\"4952c455\" data-element_type=\"widget\" data-e-type=\"widget\" data-widget_type=\"button.default\">\n\t\t\t\t<div class=\"elementor-widget-container\">\n\t\t\t\t\t\t\t\t\t<div class=\"elementor-button-wrapper\">\n\t\t\t\t\t<a class=\"elementor-button elementor-button-link elementor-size-sm elementor-animation-float\" href=\"https:\/\/peluqueriamichaelacorens.com\/eu\/servicios\/\">\n\t\t\t\t\t\t<span class=\"elementor-button-content-wrapper\">\n\t\t\t\t\t\t\t\t\t<span class=\"elementor-button-text\">GEHIAGO JAKIN<\/span>\n\t\t\t\t\t<\/span>\n\t\t\t\t\t<\/a>\n\t\t\t\t<\/div>\n\t\t\t\t\t\t\t\t<\/div>\n\t\t\t\t<\/div>\n\t\t\t\t\t<\/div>\n\t\t<\/div>\n\t\t\t\t\t<\/div>\n\t\t<\/section>\n\t\t\t\t\t<\/div>\n\t\t<\/div>\n\t\t\t\t\t<\/div>\n\t\t<\/section>\n\t\t\t\t<section class=\"elementor-section elementor-top-section elementor-element elementor-element-2ee96431 elementor-section-boxed elementor-section-height-default elementor-section-height-default\" data-id=\"2ee96431\" data-element_type=\"section\" data-e-type=\"section\" data-settings=\"{&quot;background_background&quot;:&quot;classic&quot;}\">\n\t\t\t\t\t\t\t<div class=\"elementor-background-overlay\"><\/div>\n\t\t\t\t\t\t\t<div class=\"elementor-container elementor-column-gap-no\">\n\t\t\t\t\t<div class=\"elementor-column elementor-col-100 elementor-top-column elementor-element elementor-element-5f1a4080\" data-id=\"5f1a4080\" data-element_type=\"column\" data-e-type=\"column\" data-settings=\"{&quot;background_background&quot;:&quot;classic&quot;}\">\n\t\t\t<div class=\"elementor-widget-wrap elementor-element-populated\">\n\t\t\t\t\t\t<div class=\"elementor-element elementor-element-4c04fdc6 elementor-invisible elementor-widget elementor-widget-heading\" data-id=\"4c04fdc6\" data-element_type=\"widget\" data-e-type=\"widget\" data-settings=\"{&quot;_animation&quot;:&quot;zoomIn&quot;}\" data-widget_type=\"heading.default\">\n\t\t\t\t<div class=\"elementor-widget-container\">\n\t\t\t\t\t<h2 class=\"elementor-heading-title elementor-size-default\">Zerbitzu pertsonalizatuak eta kalitate handikoak!<\/h2>\t\t\t\t<\/div>\n\t\t\t\t<\/div>\n\t\t\t\t<div class=\"elementor-element elementor-element-e3b91d5 elementor-invisible elementor-widget elementor-widget-heading\" data-id=\"e3b91d5\" data-element_type=\"widget\" data-e-type=\"widget\" data-settings=\"{&quot;_animation&quot;:&quot;zoomIn&quot;}\" data-widget_type=\"heading.default\">\n\t\t\t\t<div class=\"elementor-widget-container\">\n\t\t\t\t\t<h2 class=\"elementor-heading-title elementor-size-default\">Egin zure ilea begirada guztien erdigune.<\/h2>\t\t\t\t<\/div>\n\t\t\t\t<\/div>\n\t\t\t\t<div class=\"elementor-element elementor-element-a6cd98e elementor-align-center elementor-widget elementor-widget-button\" data-id=\"a6cd98e\" data-element_type=\"widget\" data-e-type=\"widget\" data-widget_type=\"button.default\">\n\t\t\t\t<div class=\"elementor-widget-container\">\n\t\t\t\t\t\t\t\t\t<div class=\"elementor-button-wrapper\">\n\t\t\t\t\t<a class=\"elementor-button elementor-button-link elementor-size-sm elementor-animation-float\" href=\"https:\/\/peluqueriamichaelacorens.com\/eu\/contacto\/\">\n\t\t\t\t\t\t<span class=\"elementor-button-content-wrapper\">\n\t\t\t\t\t\t\t\t\t<span class=\"elementor-button-text\">JARRI GUREKIN HARREMANETAN<\/span>\n\t\t\t\t\t<\/span>\n\t\t\t\t\t<\/a>\n\t\t\t\t<\/div>\n\t\t\t\t\t\t\t\t<\/div>\n\t\t\t\t<\/div>\n\t\t\t\t\t<\/div>\n\t\t<\/div>\n\t\t\t\t\t<\/div>\n\t\t<\/section>\n\t\t\t\t<\/div>","protected":false},"excerpt":{"rendered":"<p>Bienvenidos a Peluquer\u00eda Michaela Corens Con\u00f3cenos En Peluquer\u00eda Michaela Corens contamos con un equipo de tres expertas peluqueras y una esteticista, todas comprometidas con ofrecerte el mejor servicio. Para nosotros, lo m\u00e1s importante son nuestras clientas, por eso, al elegirnos, te garantizamos un asesoramiento personalizado y un trato lleno de cari\u00f1o. Nos preocupamos profundamente por [&hellip;]<\/p>\n","protected":false},"author":4,"featured_media":0,"parent":0,"menu_order":0,"comment_status":"closed","ping_status":"closed","template":"elementor_canvas","meta":{"footnotes":""},"class_list":["post-941","page","type-page","status-publish","hentry"],"yoast_head":"<!-- This site is optimized with the Yoast SEO plugin v27.3 - https:\/\/yoast.com\/product\/yoast-seo-wordpress\/ -->\n<title>Inicio - Peluquer\u00eda Michaela Corens<\/title>\n<meta name=\"robots\" content=\"index, follow, max-snippet:-1, max-image-preview:large, max-video-preview:-1\" \/>\n<link rel=\"canonical\" href=\"https:\/\/peluqueriamichaelacorens.com\/eu\/\" \/>\n<meta property=\"og:locale\" content=\"en_US\" \/>\n<meta property=\"og:type\" content=\"article\" \/>\n<meta property=\"og:title\" content=\"Inicio - Peluquer\u00eda Michaela Corens\" \/>\n<meta property=\"og:description\" content=\"Bienvenidos a Peluquer\u00eda Michaela Corens Con\u00f3cenos En Peluquer\u00eda Michaela Corens contamos con un equipo de tres expertas peluqueras y una esteticista, todas comprometidas con ofrecerte el mejor servicio. Para nosotros, lo m\u00e1s importante son nuestras clientas, por eso, al elegirnos, te garantizamos un asesoramiento personalizado y un trato lleno de cari\u00f1o. Nos preocupamos profundamente por [&hellip;]\" \/>\n<meta property=\"og:url\" content=\"https:\/\/peluqueriamichaelacorens.com\/eu\/\" \/>\n<meta property=\"og:site_name\" content=\"Peluquer\u00eda Michaela Corens\" \/>\n<meta property=\"article:modified_time\" content=\"2025-02-24T15:39:31+00:00\" \/>\n<meta property=\"og:image\" content=\"https:\/\/peluqueriamichaelacorens.com\/wp-content\/uploads\/2025\/02\/12148.jpg\" \/>\n\t<meta property=\"og:image:width\" content=\"1500\" \/>\n\t<meta property=\"og:image:height\" content=\"1000\" \/>\n\t<meta property=\"og:image:type\" content=\"image\/jpeg\" \/>\n<meta name=\"twitter:card\" content=\"summary_large_image\" \/>\n<meta name=\"twitter:label1\" content=\"Est. reading time\" \/>\n\t<meta name=\"twitter:data1\" content=\"1 minutua\" \/>\n<script type=\"application\/ld+json\" class=\"yoast-schema-graph\">{\"@context\":\"https:\\\/\\\/schema.org\",\"@graph\":[{\"@type\":\"WebPage\",\"@id\":\"https:\\\/\\\/peluqueriamichaelacorens.com\\\/\",\"url\":\"https:\\\/\\\/peluqueriamichaelacorens.com\\\/\",\"name\":\"Inicio - Peluquer\u00eda Michaela Corens\",\"isPartOf\":{\"@id\":\"https:\\\/\\\/peluqueriamichaelacorens.com\\\/#website\"},\"primaryImageOfPage\":{\"@id\":\"https:\\\/\\\/peluqueriamichaelacorens.com\\\/#primaryimage\"},\"image\":{\"@id\":\"https:\\\/\\\/peluqueriamichaelacorens.com\\\/#primaryimage\"},\"thumbnailUrl\":\"https:\\\/\\\/peluqueriamichaelacorens.com\\\/wp-content\\\/uploads\\\/2025\\\/02\\\/12148-300x200.jpg\",\"datePublished\":\"2024-10-17T15:49:26+00:00\",\"dateModified\":\"2025-02-24T15:39:31+00:00\",\"breadcrumb\":{\"@id\":\"https:\\\/\\\/peluqueriamichaelacorens.com\\\/#breadcrumb\"},\"inLanguage\":\"eu\",\"potentialAction\":[{\"@type\":\"ReadAction\",\"target\":[\"https:\\\/\\\/peluqueriamichaelacorens.com\\\/\"]}]},{\"@type\":\"ImageObject\",\"inLanguage\":\"eu\",\"@id\":\"https:\\\/\\\/peluqueriamichaelacorens.com\\\/#primaryimage\",\"url\":\"https:\\\/\\\/peluqueriamichaelacorens.com\\\/wp-content\\\/uploads\\\/2025\\\/02\\\/12148-300x200.jpg\",\"contentUrl\":\"https:\\\/\\\/peluqueriamichaelacorens.com\\\/wp-content\\\/uploads\\\/2025\\\/02\\\/12148-300x200.jpg\"},{\"@type\":\"BreadcrumbList\",\"@id\":\"https:\\\/\\\/peluqueriamichaelacorens.com\\\/#breadcrumb\",\"itemListElement\":[{\"@type\":\"ListItem\",\"position\":1,\"name\":\"Portada\",\"item\":\"https:\\\/\\\/peluqueriamichaelacorens.com\\\/\"},{\"@type\":\"ListItem\",\"position\":2,\"name\":\"Inicio\"}]},{\"@type\":\"WebSite\",\"@id\":\"https:\\\/\\\/peluqueriamichaelacorens.com\\\/#website\",\"url\":\"https:\\\/\\\/peluqueriamichaelacorens.com\\\/\",\"name\":\"Peluquer\u00eda Michaela Corens\",\"description\":\"Somos peluquer\u00eda y est\u00e9tica\",\"publisher\":{\"@id\":\"https:\\\/\\\/peluqueriamichaelacorens.com\\\/#organization\"},\"potentialAction\":[{\"@type\":\"SearchAction\",\"target\":{\"@type\":\"EntryPoint\",\"urlTemplate\":\"https:\\\/\\\/peluqueriamichaelacorens.com\\\/?s={search_term_string}\"},\"query-input\":{\"@type\":\"PropertyValueSpecification\",\"valueRequired\":true,\"valueName\":\"search_term_string\"}}],\"inLanguage\":\"eu\"},{\"@type\":\"Organization\",\"@id\":\"https:\\\/\\\/peluqueriamichaelacorens.com\\\/#organization\",\"name\":\"Peluquer\u00eda Michaela Corens\",\"url\":\"https:\\\/\\\/peluqueriamichaelacorens.com\\\/\",\"logo\":{\"@type\":\"ImageObject\",\"inLanguage\":\"eu\",\"@id\":\"https:\\\/\\\/peluqueriamichaelacorens.com\\\/#\\\/schema\\\/logo\\\/image\\\/\",\"url\":\"https:\\\/\\\/peluqueriamichaelacorens.com\\\/wp-content\\\/uploads\\\/2025\\\/02\\\/cropped-michaela-corens.png\",\"contentUrl\":\"https:\\\/\\\/peluqueriamichaelacorens.com\\\/wp-content\\\/uploads\\\/2025\\\/02\\\/cropped-michaela-corens.png\",\"width\":445,\"height\":447,\"caption\":\"Peluquer\u00eda Michaela Corens\"},\"image\":{\"@id\":\"https:\\\/\\\/peluqueriamichaelacorens.com\\\/#\\\/schema\\\/logo\\\/image\\\/\"}}]}<\/script>\n<!-- \/ Yoast SEO plugin. -->","yoast_head_json":{"title":"Inicio - Peluquer\u00eda Michaela Corens","robots":{"index":"index","follow":"follow","max-snippet":"max-snippet:-1","max-image-preview":"max-image-preview:large","max-video-preview":"max-video-preview:-1"},"canonical":"https:\/\/peluqueriamichaelacorens.com\/eu\/","og_locale":"en_US","og_type":"article","og_title":"Inicio - Peluquer\u00eda Michaela Corens","og_description":"Bienvenidos a Peluquer\u00eda Michaela Corens Con\u00f3cenos En Peluquer\u00eda Michaela Corens contamos con un equipo de tres expertas peluqueras y una esteticista, todas comprometidas con ofrecerte el mejor servicio. Para nosotros, lo m\u00e1s importante son nuestras clientas, por eso, al elegirnos, te garantizamos un asesoramiento personalizado y un trato lleno de cari\u00f1o. Nos preocupamos profundamente por [&hellip;]","og_url":"https:\/\/peluqueriamichaelacorens.com\/eu\/","og_site_name":"Peluquer\u00eda Michaela Corens","article_modified_time":"2025-02-24T15:39:31+00:00","og_image":[{"width":1500,"height":1000,"url":"https:\/\/peluqueriamichaelacorens.com\/wp-content\/uploads\/2025\/02\/12148.jpg","type":"image\/jpeg"}],"twitter_card":"summary_large_image","twitter_misc":{"Est. reading time":"1 minutua"},"schema":{"@context":"https:\/\/schema.org","@graph":[{"@type":"WebPage","@id":"https:\/\/peluqueriamichaelacorens.com\/","url":"https:\/\/peluqueriamichaelacorens.com\/","name":"Inicio - Peluquer\u00eda Michaela Corens","isPartOf":{"@id":"https:\/\/peluqueriamichaelacorens.com\/#website"},"primaryImageOfPage":{"@id":"https:\/\/peluqueriamichaelacorens.com\/#primaryimage"},"image":{"@id":"https:\/\/peluqueriamichaelacorens.com\/#primaryimage"},"thumbnailUrl":"https:\/\/peluqueriamichaelacorens.com\/wp-content\/uploads\/2025\/02\/12148-300x200.jpg","datePublished":"2024-10-17T15:49:26+00:00","dateModified":"2025-02-24T15:39:31+00:00","breadcrumb":{"@id":"https:\/\/peluqueriamichaelacorens.com\/#breadcrumb"},"inLanguage":"eu","potentialAction":[{"@type":"ReadAction","target":["https:\/\/peluqueriamichaelacorens.com\/"]}]},{"@type":"ImageObject","inLanguage":"eu","@id":"https:\/\/peluqueriamichaelacorens.com\/#primaryimage","url":"https:\/\/peluqueriamichaelacorens.com\/wp-content\/uploads\/2025\/02\/12148-300x200.jpg","contentUrl":"https:\/\/peluqueriamichaelacorens.com\/wp-content\/uploads\/2025\/02\/12148-300x200.jpg"},{"@type":"BreadcrumbList","@id":"https:\/\/peluqueriamichaelacorens.com\/#breadcrumb","itemListElement":[{"@type":"ListItem","position":1,"name":"Portada","item":"https:\/\/peluqueriamichaelacorens.com\/"},{"@type":"ListItem","position":2,"name":"Inicio"}]},{"@type":"WebSite","@id":"https:\/\/peluqueriamichaelacorens.com\/#website","url":"https:\/\/peluqueriamichaelacorens.com\/","name":"Michaela Corens ile-apaindegia","description":"Somos peluquer\u00eda y est\u00e9tica","publisher":{"@id":"https:\/\/peluqueriamichaelacorens.com\/#organization"},"potentialAction":[{"@type":"SearchAction","target":{"@type":"EntryPoint","urlTemplate":"https:\/\/peluqueriamichaelacorens.com\/?s={search_term_string}"},"query-input":{"@type":"PropertyValueSpecification","valueRequired":true,"valueName":"search_term_string"}}],"inLanguage":"eu"},{"@type":"Organization","@id":"https:\/\/peluqueriamichaelacorens.com\/#organization","name":"Michaela Corens ile-apaindegia","url":"https:\/\/peluqueriamichaelacorens.com\/","logo":{"@type":"ImageObject","inLanguage":"eu","@id":"https:\/\/peluqueriamichaelacorens.com\/#\/schema\/logo\/image\/","url":"https:\/\/peluqueriamichaelacorens.com\/wp-content\/uploads\/2025\/02\/cropped-michaela-corens.png","contentUrl":"https:\/\/peluqueriamichaelacorens.com\/wp-content\/uploads\/2025\/02\/cropped-michaela-corens.png","width":445,"height":447,"caption":"Peluquer\u00eda Michaela Corens"},"image":{"@id":"https:\/\/peluqueriamichaelacorens.com\/#\/schema\/logo\/image\/"}}]}},"_links":{"self":[{"href":"https:\/\/peluqueriamichaelacorens.com\/eu\/wp-json\/wp\/v2\/pages\/941","targetHints":{"allow":["GET"]}}],"collection":[{"href":"https:\/\/peluqueriamichaelacorens.com\/eu\/wp-json\/wp\/v2\/pages"}],"about":[{"href":"https:\/\/peluqueriamichaelacorens.com\/eu\/wp-json\/wp\/v2\/types\/page"}],"author":[{"embeddable":true,"href":"https:\/\/peluqueriamichaelacorens.com\/eu\/wp-json\/wp\/v2\/users\/4"}],"replies":[{"embeddable":true,"href":"https:\/\/peluqueriamichaelacorens.com\/eu\/wp-json\/wp\/v2\/comments?post=941"}],"version-history":[{"count":634,"href":"https:\/\/peluqueriamichaelacorens.com\/eu\/wp-json\/wp\/v2\/pages\/941\/revisions"}],"predecessor-version":[{"id":2338,"href":"https:\/\/peluqueriamichaelacorens.com\/eu\/wp-json\/wp\/v2\/pages\/941\/revisions\/2338"}],"wp:attachment":[{"href":"https:\/\/peluqueriamichaelacorens.com\/eu\/wp-json\/wp\/v2\/media?parent=941"}],"curies":[{"name":"wp","href":"https:\/\/api.w.org\/{rel}","templated":true}]}}